{"id":6620,"date":"2024-03-31T16:00:50","date_gmt":"2024-03-31T16:00:50","guid":{"rendered":"https:\/\/chonchinh.vn\/?post_type=product&#038;p=6620"},"modified":"2024-04-09T16:03:34","modified_gmt":"2024-04-09T16:03:34","slug":"gao-chon-chinh-st25","status":"publish","type":"product","link":"https:\/\/chonchinh.vn\/en\/product\/gao-chon-chinh-st25\/","title":{"rendered":"G\u1ea1o Ch\u01a1n Ch\u00ednh ST25"},"content":{"rendered":"<p><strong>Quality criteria<\/strong><\/p>\n<table class=\"alignleft\"; width=\"300\">\n<tbody>\n<tr>\n<td>Broken<\/td>\n<td>5% max<\/td>\n<\/tr>\n<tr>\n<td>Moisture<\/td>\n<td>14.5% max<\/td>\n<\/tr>\n<\/tbody>\n<\/table>\n<p>&nbsp;<\/p>\n<p>&nbsp;<br \/>\n<strong>Nutrition facts (in 100g)<\/strong><\/p>\n<table class=\"alignleft\"; width=\"300\">\n<tbody>\n<tr>\n<td>Calories<\/td>\n<td>350 kcal max<\/td>\n<\/tr>\n<tr>\n<td>Protein<\/td>\n<td>6-8%<\/td>\n<\/tr>\n<tr>\n<td>Lipid<\/td>\n<td>0.2-0.4%<\/td>\n<\/tr>\n<tr>\n<td>Gluxit<\/td>\n<td>80% max<\/td>\n<\/tr>\n<\/tbody>\n<\/table>\n<p>&nbsp;<\/p>","protected":false},"excerpt":{"rendered":"<p>ST25 n\u1ed5i ti\u1ebfng to\u00e0n c\u1ea7u v\u1edbi h\u01b0\u01a1ng th\u01a1m \u0111\u1eb7c tr\u01b0ng v\u00e0 \u0111\u1eb7c t\u00ednh v\u01b0\u1ee3t tr\u1ed9i. H\u1ea1t g\u1ea1o ST25 t\u1ecfa ra m\u00f9i h\u01b0\u01a1ng h\u1ea5p d\u1eabn k\u1ebft h\u1ee3p gi\u1eefa l\u00e1 d\u1ee9a v\u00e0 h\u01b0\u01a1ng hoa nh\u00e0i d\u1ecbu nh\u1eb9. H\u1ea1t g\u1ea1o d\u00e0i, trong v\u00e0 kh\u00f4ng b\u1ea1c b\u1ee5ng c\u1ee7a ST25 kh\u00f4ng ch\u1ec9 g\u00f3p ph\u1ea7n t\u1ea1o n\u00ean v\u1ebb \u0111\u1eb9p th\u1ea9m m\u1ef9 m\u00e0 c\u00f2n l\u00e0m t\u0103ng th\u00eam gi\u00e1 tr\u1ecb \u1ea9m th\u1ef1c c\u1ee7a n\u00f3.<\/p>","protected":false},"featured_media":6624,"template":"","meta":[],"product_cat":[15],"product_tag":[],"class_list":{"0":"post-6620","1":"product","2":"type-product","3":"status-publish","4":"has-post-thumbnail","6":"product_cat-khac","8":"first","9":"instock","10":"shipping-taxable","11":"product-type-simple"},"_links":{"self":[{"href":"https:\/\/chonchinh.vn\/en\/wp-json\/wp\/v2\/product\/6620","targetHints":{"allow":["GET"]}}],"collection":[{"href":"https:\/\/chonchinh.vn\/en\/wp-json\/wp\/v2\/product"}],"about":[{"href":"https:\/\/chonchinh.vn\/en\/wp-json\/wp\/v2\/types\/product"}],"wp:featuredmedia":[{"embeddable":true,"href":"https:\/\/chonchinh.vn\/en\/wp-json\/wp\/v2\/media\/6624"}],"wp:attachment":[{"href":"https:\/\/chonchinh.vn\/en\/wp-json\/wp\/v2\/media?parent=6620"}],"wp:term":[{"taxonomy":"product_cat","embeddable":true,"href":"https:\/\/chonchinh.vn\/en\/wp-json\/wp\/v2\/product_cat?post=6620"},{"taxonomy":"product_tag","embeddable":true,"href":"https:\/\/chonchinh.vn\/en\/wp-json\/wp\/v2\/product_tag?post=6620"}],"curies":[{"name":"wp","href":"https:\/\/api.w.org\/{rel}","templated":true}]}}