{"id":6626,"date":"2024-03-31T16:03:51","date_gmt":"2024-03-31T16:03:51","guid":{"rendered":"https:\/\/chonchinh.vn\/?post_type=product&#038;p=6626"},"modified":"2024-06-13T09:40:13","modified_gmt":"2024-06-13T09:40:13","slug":"gao-chon-chinh-jasmine","status":"publish","type":"product","link":"https:\/\/chonchinh.vn\/en\/product\/gao-chon-chinh-jasmine\/","title":{"rendered":"G\u1ea1o Ch\u01a1n Ch\u00ednh Jasmine"},"content":{"rendered":"<p><strong>Quality criteria<\/strong><\/p>\n<table class=\"alignleft\" width=\"300\">\n<tbody>\n<tr>\n<td>Broken<\/td>\n<td>5% max<\/td>\n<\/tr>\n<tr>\n<td>Moisture<\/td>\n<td>14.5% max<\/td>\n<\/tr>\n<\/tbody>\n<\/table>\n<p>&nbsp;<\/p>\n<p>&nbsp;<\/p>\n<p><strong>Nutrition facts (in 100g)<\/strong><\/p>\n<table class=\"alignleft\" width=\"300\">\n<tbody>\n<tr>\n<td>Calories<\/td>\n<td>350 kcal max<\/td>\n<\/tr>\n<tr>\n<td>Protein<\/td>\n<td>6-8%<\/td>\n<\/tr>\n<tr>\n<td>Lipid<\/td>\n<td>0.2-0.4%<\/td>\n<\/tr>\n<tr>\n<td>Gluxit<\/td>\n<td>80% max<\/td>\n<\/tr>\n<\/tbody>\n<\/table>\n<p>&nbsp;<\/p>","protected":false},"excerpt":{"rendered":"<p>Jasmine l\u00e0 m\u1ed9t lo\u1ea1i g\u1ea1o th\u01a1m \u0111\u01b0\u1ee3c \u01b0a chu\u1ed9ng v\u00ec h\u1ea1t c\u00f3 k\u00edch th\u01b0\u1edbc trung b\u00ecnh v\u00e0 m\u00e0u tr\u1eafng s\u00e1ng. C\u01a1m Jasmine m\u1ec1m d\u1ebbo, r\u1ea5t th\u00edch h\u1ee3p cho nhi\u1ec1u m\u00f3n \u0103n.<\/p>","protected":false},"featured_media":6867,"template":"","meta":[],"product_cat":[15],"product_tag":[],"class_list":{"0":"post-6626","1":"product","2":"type-product","3":"status-publish","4":"has-post-thumbnail","6":"product_cat-khac","8":"first","9":"instock","10":"shipping-taxable","11":"product-type-simple"},"_links":{"self":[{"href":"https:\/\/chonchinh.vn\/en\/wp-json\/wp\/v2\/product\/6626","targetHints":{"allow":["GET"]}}],"collection":[{"href":"https:\/\/chonchinh.vn\/en\/wp-json\/wp\/v2\/product"}],"about":[{"href":"https:\/\/chonchinh.vn\/en\/wp-json\/wp\/v2\/types\/product"}],"wp:featuredmedia":[{"embeddable":true,"href":"https:\/\/chonchinh.vn\/en\/wp-json\/wp\/v2\/media\/6867"}],"wp:attachment":[{"href":"https:\/\/chonchinh.vn\/en\/wp-json\/wp\/v2\/media?parent=6626"}],"wp:term":[{"taxonomy":"product_cat","embeddable":true,"href":"https:\/\/chonchinh.vn\/en\/wp-json\/wp\/v2\/product_cat?post=6626"},{"taxonomy":"product_tag","embeddable":true,"href":"https:\/\/chonchinh.vn\/en\/wp-json\/wp\/v2\/product_tag?post=6626"}],"curies":[{"name":"wp","href":"https:\/\/api.w.org\/{rel}","templated":true}]}}